{"id":414,"date":"2025-01-17T14:28:49","date_gmt":"2025-01-17T14:28:49","guid":{"rendered":"https:\/\/adjustex.de\/imprint\/"},"modified":"2025-02-21T09:38:51","modified_gmt":"2025-02-21T09:38:51","slug":"imprint","status":"publish","type":"page","link":"https:\/\/adjustex.de\/en\/imprint\/","title":{"rendered":"Imprint"},"content":{"rendered":"<p>[et_pb_section fb_built=&#8221;1&#8243; _builder_version=&#8221;4.27.4&#8243; _module_preset=&#8221;default&#8221; background_image=&#8221;https:\/\/adjustex.de\/wp-content\/uploads\/2025\/01\/3D_Logo_adjustex_wall.jpg&#8221; height=&#8221;650px&#8221; background_last_edited=&#8221;on|phone&#8221; background_image_phone=&#8221;https:\/\/adjustex.de\/wp-content\/uploads\/2024\/12\/favicon_adjustex.jpg&#8221; background_enable_image_phone=&#8221;on&#8221; background_size_phone=&#8221;contain&#8221; global_colors_info=&#8221;{}&#8221;][\/et_pb_section][et_pb_section fb_built=&#8221;1&#8243; admin_label=&#8221;Text&#8221; _builder_version=&#8221;4.17.6&#8243; _module_preset=&#8221;default&#8221; custom_padding=&#8221;||314px|||&#8221; locked=&#8221;off&#8221; collapsed=&#8221;off&#8221; global_colors_info=&#8221;{}&#8221;][et_pb_row _builder_version=&#8221;4.17.6&#8243; _module_preset=&#8221;5138c454-be54-4233-bd3b-f8e6a8747976&#8243; global_colors_info=&#8221;{}&#8221;][et_pb_column type=&#8221;4_4&#8243; _builder_version=&#8221;4.16&#8243; _module_preset=&#8221;73121f80-a3ef-4484-8763-c3f18e3c56d2&#8243; global_colors_info=&#8221;{}&#8221;][et_pb_heading title=&#8221;Imprint&#8221; _builder_version=&#8221;4.27.4&#8243; _module_preset=&#8221;c33f07d9-41e0-421a-8799-5799df695cce&#8221; title_level=&#8221;h2&#8243; title_font=&#8221;Arial|Arial_weight|||||||&#8221; title_text_align=&#8221;left&#8221; title_text_color=&#8221;#111111&#8243; title_font_size=&#8221;50px&#8221; title_line_height=&#8221;1.2em&#8221; module_alignment=&#8221;left&#8221; custom_margin=&#8221;||10px||false|false&#8221; animation_style=&#8221;slide&#8221; animation_direction=&#8221;left&#8221; title_font_size_tablet=&#8221;28px&#8221; title_font_size_phone=&#8221;20px&#8221; title_font_size_last_edited=&#8221;on|phone&#8221; locked=&#8221;off&#8221; global_colors_info=&#8221;{%22#0e0c19%22:%91%22title_text_color%22,%22title_text_color%22%93}&#8221;][\/et_pb_heading][et_pb_text _builder_version=&#8221;4.27.4&#8243; _module_preset=&#8221;default&#8221; hover_enabled=&#8221;0&#8243; global_colors_info=&#8221;{}&#8221; sticky_enabled=&#8221;0&#8243;]<\/p>\n<p><span>Information provided according to Sec. 5 German Telemedia Act (TMG):<\/span><\/p>\n<p><span>Adjustex Schulz Herrmann Beratende Ingenieure PartG mbB<\/span><br \/><span>Bachstra\u00dfe 16<\/span><br \/><span>58706 Menden (Sauerland)<\/span><\/p>\n<p><strong>Contact:<\/strong><br \/><span>Telefon: +49 2373 84282<\/span><br \/><span>E-Mail: adjustex@adjustex.de<\/span><\/p>\n<p><strong>VAT:<\/strong><br \/><span>VAT Id number according to Sec. 27a German Value Added Tax Act:<\/span><br \/><span>DE336227274<\/span><\/p>\n<p><strong>Tax Number:<\/strong><br \/><span>328\/5761\/0816<\/span><\/p>\n<p><strong>Partnership Register:<\/strong><br \/><span>PR 4807, Amtsgericht Essen<\/span><\/p>\n<p><strong>Supervisory authority of the public order:<\/strong><br \/><span>S\u00fcdwestf\u00e4lische Industrie- und Handelskammer zu Hagen<\/span><br \/><span>Bahnhofstr. 18<\/span><br \/><span>58095 Hagen<\/span><br \/><span>www.sihk.de<\/span><\/p>\n<p><strong>Professional regulations:<\/strong><br \/><span>Sachverst\u00e4ndigenordnung der S\u00fcdwestf\u00e4lischen Industrie- und Handelskammer zu Hagen<\/span><br \/><span>Richtlinien zur Sachverst\u00e4ndigenordnung (SVO)<\/span><br \/><span>www.sihk.de<\/span><\/p>\n<p><strong>Dispute resolution<\/strong><br \/><span>The European Commission provides a platform for online dispute resolution (OS): https:\/\/ec.europa.eu\/consumers\/odr.<\/span><br \/><span>Please find our email in the impressum\/legal notice.<\/span><br \/><span>We do not take part in online dispute resolutions at consumer arbitration boards.<\/span><\/p>\n<p><strong>Disclaimer\/exclusion of liability<\/strong><\/p>\n<p><strong>Liability for Contents<\/strong><br \/><span>As service providers, we are liable for own contents of these websites according to Sec. 7, paragraph 1 German Telemedia Act (TMG). However, according to Sec. 8 to 10 German Telemedia Act (TMG), service providers are not obligated to permanently monitor submitted or stored information or to search for evidences that indicate illegal activities.<\/span><br \/><span>Legal obligations to removing information or to blocking the use of information remain unchallenged. In this case, liability is only possible at the time of knowledge about a specific violation of law. Illegal contents will be removed immediately at the time we get knowledge of them.<\/span><\/p>\n<p><strong>Liability for Links<\/strong><br \/><span>Our offer includes links to external third party websites. We have no influence on the contents of those websites, therefore we cannot guarantee for those contents. Providers or administrators of linked websites are always responsible for their own contents.<\/span><br \/><span>The linked websites had been checked for possible violations of law at the time of the establishment of the link. Illegal contents were not detected at the time of the linking. A permanent monitoring of the contents of linked websites cannot be imposed without reasonable indications that there has been a violation of law. Illegal links will be removed immediately at the time we get knowledge of them.<\/span><br \/><span><\/span><\/p>\n<p><strong>Copyright<\/strong><br \/><span>Contents and compilations published on these websites by the providers are subject to German copyright laws. Reproduction, editing, distribution as well as the use of any kind outside the scope of the copyright law require a written permission of the author or originator. Downloads and copies of these websites are permitted for private use only.<\/span><br \/><span>The commercial use of our contents without permission of the originator is prohibited.<\/span><br \/><span>Copyright laws of third parties are respected as long as the contents on these websites do not originate from the provider. Contributions of third parties on this site are indicated as such. However, if you notice any violations of copyright law, please inform us. Such contents will be removed immediately.<\/span><\/p>\n<p>[\/et_pb_text][\/et_pb_column][\/et_pb_row][\/et_pb_section]<\/p>\n","protected":false},"excerpt":{"rendered":"<p>Information provided according to Sec. 5 German Telemedia Act (TMG): Adjustex Schulz Herrmann Beratende Ingenieure PartG mbBBachstra\u00dfe 1658706 Menden (Sauerland) Contact:Telefon: +49 2373 84282E-Mail: adjustex@adjustex.de VAT:VAT Id number according to Sec. 27a German Value Added Tax Act:DE336227274 Tax Number:328\/5761\/0816 Partnership Register:PR 4807, Amtsgericht Essen Supervisory authority of the public order:S\u00fcdwestf\u00e4lische Industrie- und Handelskammer zu HagenBahnhofstr. [&hellip;]<\/p>\n","protected":false},"author":1,"featured_media":0,"parent":0,"menu_order":0,"comment_status":"closed","ping_status":"closed","template":"","meta":{"_et_pb_use_builder":"on","_et_pb_old_content":"","_et_gb_content_width":"","footnotes":""},"class_list":["post-414","page","type-page","status-publish","hentry"],"_links":{"self":[{"href":"https:\/\/adjustex.de\/en\/wp-json\/wp\/v2\/pages\/414","targetHints":{"allow":["GET"]}}],"collection":[{"href":"https:\/\/adjustex.de\/en\/wp-json\/wp\/v2\/pages"}],"about":[{"href":"https:\/\/adjustex.de\/en\/wp-json\/wp\/v2\/types\/page"}],"author":[{"embeddable":true,"href":"https:\/\/adjustex.de\/en\/wp-json\/wp\/v2\/users\/1"}],"replies":[{"embeddable":true,"href":"https:\/\/adjustex.de\/en\/wp-json\/wp\/v2\/comments?post=414"}],"version-history":[{"count":3,"href":"https:\/\/adjustex.de\/en\/wp-json\/wp\/v2\/pages\/414\/revisions"}],"predecessor-version":[{"id":417,"href":"https:\/\/adjustex.de\/en\/wp-json\/wp\/v2\/pages\/414\/revisions\/417"}],"wp:attachment":[{"href":"https:\/\/adjustex.de\/en\/wp-json\/wp\/v2\/media?parent=414"}],"curies":[{"name":"wp","href":"https:\/\/api.w.org\/{rel}","templated":true}]}}